{"id":423,"date":"2016-05-15T13:27:17","date_gmt":"2016-05-15T12:27:17","guid":{"rendered":"https:\/\/julius-keilwerth.buffet-preprod-02.modulodigital.com\/fr\/care-and-maintenance\/"},"modified":"2016-07-19T14:01:42","modified_gmt":"2016-07-19T13:01:42","slug":"entretenir-mon-instrument","status":"publish","type":"page","link":"http:\/\/julius-keilwerth.buffet-multisite.buffet-preprod-02.modulodigital.com\/fr\/entretenir-mon-instrument\/","title":{"rendered":"Entretenir mon instrument"},"content":{"rendered":"<h3>Comment monter votre saxophone ?<\/h3>\n<p>Manipulez toujours votre saxophone en tenant par le pavillon ou la culasse sans faire pression sur les cl\u00e9s ou les tiges. La pression trop forte peut les d\u00e9former, emp\u00eacher un bouchage correct et le bon fonctionnement de votre instrument.<br \/>\nAssurez-vous que le tenon du bocal et l\u2019embo\u00eetement du corps du saxophone soient propres, libre de d\u00e9bris, non humides et sans corrosion.<br \/>\nIns\u00e9rez le tenon du bocal dans l\u2019embo\u00eetement du corps du saxophone. Faites attention \u00e0 ne pas appliquer trop de force vers le bas, car ceci peut faire d\u00e9former la courbure du bocal.<br \/>\nAppliquez de la graisse sur le li\u00e8ge situ\u00e9 \u00e0 l\u2019extr\u00e9mit\u00e9 du bocal afin que le bec puisse \u00eatre ins\u00e9r\u00e9 facilement et sans force.<br \/>\nMettre le bec sur l\u2019instrument. Poser la ligature sur le bec et glisser l\u2019anche humide.<br \/>\nNb : Prendre soin de ne pas endommager l\u2019anche et l\u2019extr\u00e9mit\u00e9 du bec avec la ligature. Apr\u00e8s chaque utilisation, remettre le couvre-bec pour prot\u00e9ger le bec et l\u2019anche.<\/p>\n<p><strong>Comment d\u00e9monter votre saxophone ?<\/strong><br \/>\nEffectuer la proc\u00e9dure inverse.<\/p>\n<h3>Entretenir votre saxophone<\/h3>\n<p><strong>Soins journalier<\/strong><br \/>\nApr\u00e8s chaque utilisation, essuyer le cl\u00e9tage avec le chiffon sec fourni.<br \/>\nUtiliser toujours l\u2019\u00e9tui Julius Keilwerth fourni avec votre saxophone. Un \u00e9tui trop serr\u00e9 ou trop large peut ab\u00eemer le cl\u00e9tage.<br \/>\nAvant de mettre l\u2019instrument dans son \u00e9tui, s\u00e9chez compl\u00e8tement la perce avec le mouchoir \u00e9couvillon. L\u2019\u00e9limination de l\u2019humidit\u00e9 maintiendra l\u2019int\u00e9rieur de votre saxophone propre et \u00e9vitera que les tampons se collent.<br \/>\nN\u2019oubliez pas de retirez le bec du bocal lorsque l\u2019instrument est au repos ou rang\u00e9 dans son \u00e9tui. Cela prolongera la vie du li\u00e8ge et permettre que l\u2019int\u00e9rieur du bocal et du bec s\u00e8che correctement.<br \/>\n<strong>Soins \u00e0 long terme<\/strong><br \/>\nAu fil du temps, les cl\u00e9s peuvent se d\u00e9r\u00e9gler. Il est recommand\u00e9 d\u2019apporter votre saxophone \u00e0 un technicien qualifi\u00e9 tous les six mois pour qu\u2019il v\u00e9rifie l\u2019ensemble de l\u2019instrument. L\u2019entretient r\u00e9gulier r\u00e9duira le risque de disfonctionnement et \u00e9vitera des r\u00e9parations importantes et co\u00fbteuses.<\/p>\n<p><strong>R\u00e9glage du diapason<\/strong><br \/>\nEn tirant sur le bec : g\u00e9n\u00e9ralement, le diapason de l\u2019instrument descend.<br \/>\nEn poussant sur le bec : g\u00e9n\u00e9ralement, le diapason de l\u2019instrument monte.<\/p>\n<p>En cas de probl\u00e8me, n\u2019h\u00e9sitez pas \u00e0 contacter votre revendeur.<\/p>\n","protected":false},"excerpt":{"rendered":"<p>Comment monter votre saxophone ? Manipulez toujours votre saxophone en tenant par le pavillon ou la culasse sans faire pression sur les cl\u00e9s ou les tiges. La pression trop forte peut les d\u00e9former, emp\u00eacher un bouchage correct et le bon fonctionnement de votre instrument. Assurez-vous que le tenon du bocal et l\u2019embo\u00eetement du corps du [&hellip;]<\/p>\n","protected":false},"author":12,"featured_media":0,"parent":0,"menu_order":0,"comment_status":"closed","ping_status":"closed","template":"","meta":{"_acf_changed":false,"_relevanssi_hide_post":"","_relevanssi_pin_for_all":"","_relevanssi_pin_keywords":"","_relevanssi_unpin_keywords":"","_relevanssi_related_keywords":"","_relevanssi_related_include_ids":"","_relevanssi_related_exclude_ids":"","_relevanssi_related_no_append":"","_relevanssi_related_not_related":"","_relevanssi_related_posts":"","_relevanssi_noindex_reason":"","footnotes":""},"class_list":["post-423","page","type-page","status-publish","hentry"],"acf":[],"_links":{"self":[{"href":"http:\/\/julius-keilwerth.buffet-multisite.buffet-preprod-02.modulodigital.com\/fr\/wp-json\/wp\/v2\/pages\/423","targetHints":{"allow":["GET"]}}],"collection":[{"href":"http:\/\/julius-keilwerth.buffet-multisite.buffet-preprod-02.modulodigital.com\/fr\/wp-json\/wp\/v2\/pages"}],"about":[{"href":"http:\/\/julius-keilwerth.buffet-multisite.buffet-preprod-02.modulodigital.com\/fr\/wp-json\/wp\/v2\/types\/page"}],"author":[{"embeddable":true,"href":"http:\/\/julius-keilwerth.buffet-multisite.buffet-preprod-02.modulodigital.com\/fr\/wp-json\/wp\/v2\/users\/12"}],"replies":[{"embeddable":true,"href":"http:\/\/julius-keilwerth.buffet-multisite.buffet-preprod-02.modulodigital.com\/fr\/wp-json\/wp\/v2\/comments?post=423"}],"version-history":[{"count":3,"href":"http:\/\/julius-keilwerth.buffet-multisite.buffet-preprod-02.modulodigital.com\/fr\/wp-json\/wp\/v2\/pages\/423\/revisions"}],"predecessor-version":[{"id":774,"href":"http:\/\/julius-keilwerth.buffet-multisite.buffet-preprod-02.modulodigital.com\/fr\/wp-json\/wp\/v2\/pages\/423\/revisions\/774"}],"wp:attachment":[{"href":"http:\/\/julius-keilwerth.buffet-multisite.buffet-preprod-02.modulodigital.com\/fr\/wp-json\/wp\/v2\/media?parent=423"}],"curies":[{"name":"wp","href":"https:\/\/api.w.org\/{rel}","templated":true}]}}