{"id":435,"date":"2016-05-15T14:05:05","date_gmt":"2016-05-15T13:05:05","guid":{"rendered":"https:\/\/julius-keilwerth.buffet-preprod-02.modulodigital.com\/fr\/about-us\/"},"modified":"2016-05-31T08:50:37","modified_gmt":"2016-05-31T07:50:37","slug":"a-propos","status":"publish","type":"page","link":"http:\/\/julius-keilwerth.buffet-multisite.buffet-preprod-02.modulodigital.com\/fr\/a-propos\/","title":{"rendered":"\u00c0 Propos"},"content":{"rendered":"<h3>PASSION<\/h3>\n<p>Passer d\u2019une culture \u00e0 l\u2019autre, c\u2019est l\u2019essence m\u00eame du jazz, les saxophones Julius Keilwerth en sont le reflet<br \/>\nLa vaste gamme d\u2019expressions, de tons chauds et fondants, aigus et p\u00e9n\u00e9trants, permet \u00e0 des g\u00e9n\u00e9rations de musiciens influant d\u2019exprimer toute leur \u00e9nergie.<\/p>\n<p>Bien que cr\u00e9\u00e9 par les musiciens et utilis\u00e9 dans les salles de concert en Europe, le saxophone Julius Keilwerth a b\u00e2tit sa notori\u00e9t\u00e9 dans la deuxi\u00e8me moiti\u00e9 du XXe si\u00e8cle, gr\u00e2ce notamment aux joueurs de jazz am\u00e9ricains qui ont appr\u00e9cier la libert\u00e9 de cr\u00e9er leur propre son.<br \/>\nDepuis des ann\u00e9es, les musiciens, tous styles confondus, font confiance aux saxophones Julius Keilwerth et \u00e0 leur son clair et incomparable, leur r\u00e9sistance et leurs performances exceptionnelles.<\/p>\n<p>La grande influence d\u2019artistes tels que Dave Liebman, James Moody, Nick Brignola, Ernie Watts et Kirk Whalum, a fait d\u00e9couvrir au monde le \u201cson Keilwerth\u201d et continue de toucher les musiciens des quatres coins du globe.<\/p>\n<p>Tr\u00e8s proche des jazzmens qui sont toujours impliqu\u00e9s dans la recherche et le d\u00e9veloppement, les gammes professionnelles Julius Keilwerth comportent aujourd\u2019hui toutes les tonalit\u00e9s, du soprano au saxophone basse.<\/p>\n","protected":false},"excerpt":{"rendered":"<p>PASSION Passer d\u2019une culture \u00e0 l\u2019autre, c\u2019est l\u2019essence m\u00eame du jazz, les saxophones Julius Keilwerth en sont le reflet La vaste gamme d\u2019expressions, de tons chauds et fondants, aigus et p\u00e9n\u00e9trants, permet \u00e0 des g\u00e9n\u00e9rations de musiciens influant d\u2019exprimer toute leur \u00e9nergie. Bien que cr\u00e9\u00e9 par les musiciens et utilis\u00e9 dans les salles de concert [&hellip;]<\/p>\n","protected":false},"author":12,"featured_media":0,"parent":0,"menu_order":0,"comment_status":"closed","ping_status":"closed","template":"","meta":{"_acf_changed":false,"_relevanssi_hide_post":"","_relevanssi_pin_for_all":"","_relevanssi_pin_keywords":"","_relevanssi_unpin_keywords":"","_relevanssi_related_keywords":"","_relevanssi_related_include_ids":"","_relevanssi_related_exclude_ids":"","_relevanssi_related_no_append":"","_relevanssi_related_not_related":"","_relevanssi_related_posts":"","_relevanssi_noindex_reason":"","footnotes":""},"class_list":["post-435","page","type-page","status-publish","hentry"],"acf":[],"_links":{"self":[{"href":"http:\/\/julius-keilwerth.buffet-multisite.buffet-preprod-02.modulodigital.com\/fr\/wp-json\/wp\/v2\/pages\/435","targetHints":{"allow":["GET"]}}],"collection":[{"href":"http:\/\/julius-keilwerth.buffet-multisite.buffet-preprod-02.modulodigital.com\/fr\/wp-json\/wp\/v2\/pages"}],"about":[{"href":"http:\/\/julius-keilwerth.buffet-multisite.buffet-preprod-02.modulodigital.com\/fr\/wp-json\/wp\/v2\/types\/page"}],"author":[{"embeddable":true,"href":"http:\/\/julius-keilwerth.buffet-multisite.buffet-preprod-02.modulodigital.com\/fr\/wp-json\/wp\/v2\/users\/12"}],"replies":[{"embeddable":true,"href":"http:\/\/julius-keilwerth.buffet-multisite.buffet-preprod-02.modulodigital.com\/fr\/wp-json\/wp\/v2\/comments?post=435"}],"version-history":[{"count":2,"href":"http:\/\/julius-keilwerth.buffet-multisite.buffet-preprod-02.modulodigital.com\/fr\/wp-json\/wp\/v2\/pages\/435\/revisions"}],"predecessor-version":[{"id":574,"href":"http:\/\/julius-keilwerth.buffet-multisite.buffet-preprod-02.modulodigital.com\/fr\/wp-json\/wp\/v2\/pages\/435\/revisions\/574"}],"wp:attachment":[{"href":"http:\/\/julius-keilwerth.buffet-multisite.buffet-preprod-02.modulodigital.com\/fr\/wp-json\/wp\/v2\/media?parent=435"}],"curies":[{"name":"wp","href":"https:\/\/api.w.org\/{rel}","templated":true}]}}